{"id":49,"date":"2020-08-24T11:22:22","date_gmt":"2020-08-24T10:22:22","guid":{"rendered":"http:\/\/hosting145108.a2e91.netcup.net\/?page_id=49"},"modified":"2020-08-24T15:20:44","modified_gmt":"2020-08-24T14:20:44","slug":"ihre-situation","status":"publish","type":"page","link":"https:\/\/www.problemscout.de\/","title":{"rendered":"Wenn es hakt&#8230;"},"content":{"rendered":"\n<p class=\"has-large-font-size\">Sie bauen und betreiben eine Software. <\/p>\n\n\n\n<p class=\"has-large-font-size\">In letzter Zeit stimmt irgendwas nicht.<\/p>\n\n\n\n<div style=\"height:73px\" aria-hidden=\"true\" class=\"wp-block-spacer\"><\/div>\n\n\n\n<p class=\"has-drop-cap has-medium-font-size\">Es gibt einen hartn\u00e4ckigen Fehler. Diverse L\u00f6sungsversuche waren erfolglos. Die Ursache scheint leidlich lokalisiert, aber die abgeleiteten Ma\u00dfnahmen greifen nicht.<\/p>\n\n\n\n<div style=\"height:22px\" aria-hidden=\"true\" class=\"wp-block-spacer\"><\/div>\n\n\n\n<p class=\"has-drop-cap has-medium-font-size\">Die Anwendung ist langsam. Sie haben das untersucht und meinen die Ursache zu kennen, aber Ihre Entwickler sagen Ihnen, man k\u00f6nne da nichts machen.<\/p>\n\n\n\n<div style=\"height:25px\" aria-hidden=\"true\" class=\"wp-block-spacer\"><\/div>\n\n\n\n<p class=\"has-drop-cap has-medium-font-size\">Die Entwicklungskosten explodieren, weil jede Korrektur an der Software neue Fehler erzeugt. Ein Refactoring scheint unumg\u00e4nglich, aber riskant und teuer.<\/p>\n","protected":false},"excerpt":{"rendered":"<p>Sie bauen und betreiben eine Software. In letzter Zeit stimmt irgendwas nicht. Es gibt einen hartn\u00e4ckigen Fehler. Diverse L\u00f6sungsversuche waren erfolglos. Die Ursache scheint leidlich lokalisiert, aber die abgeleiteten Ma\u00dfnahmen greifen nicht. Die Anwendung ist langsam. Sie haben das untersucht und meinen die Ursache zu kennen, aber Ihre Entwickler sagen Ihnen, man k\u00f6nne da nichts [&hellip;]<\/p>\n","protected":false},"author":1,"featured_media":0,"parent":0,"menu_order":0,"comment_status":"closed","ping_status":"closed","template":"","meta":{"footnotes":""},"_links":{"self":[{"href":"https:\/\/www.problemscout.de\/index.php?rest_route=\/wp\/v2\/pages\/49"}],"collection":[{"href":"https:\/\/www.problemscout.de\/index.php?rest_route=\/wp\/v2\/pages"}],"about":[{"href":"https:\/\/www.problemscout.de\/index.php?rest_route=\/wp\/v2\/types\/page"}],"author":[{"embeddable":true,"href":"https:\/\/www.problemscout.de\/index.php?rest_route=\/wp\/v2\/users\/1"}],"replies":[{"embeddable":true,"href":"https:\/\/www.problemscout.de\/index.php?rest_route=%2Fwp%2Fv2%2Fcomments&post=49"}],"version-history":[{"count":10,"href":"https:\/\/www.problemscout.de\/index.php?rest_route=\/wp\/v2\/pages\/49\/revisions"}],"predecessor-version":[{"id":86,"href":"https:\/\/www.problemscout.de\/index.php?rest_route=\/wp\/v2\/pages\/49\/revisions\/86"}],"wp:attachment":[{"href":"https:\/\/www.problemscout.de\/index.php?rest_route=%2Fwp%2Fv2%2Fmedia&parent=49"}],"curies":[{"name":"wp","href":"https:\/\/api.w.org\/{rel}","templated":true}]}}